{"id":19969,"date":"2021-09-09T10:30:04","date_gmt":"2021-09-09T10:30:04","guid":{"rendered":"https:\/\/www.lauaxeta.eus\/pribatutasun-politika\/"},"modified":"2022-09-21T14:17:54","modified_gmt":"2022-09-21T14:17:54","slug":"pribatutasun-politika","status":"publish","type":"page","link":"https:\/\/www.lauaxeta.eus\/es\/pribatutasun-politika\/","title":{"rendered":"Pol\u00edtica de privacidad"},"content":{"rendered":"<p><strong>Lauaxeta Ikastola, S.Coop.<\/strong> cumple con los requisitos establecidos en la Ley 34\/2002, de 11 de julio, de Servicios de la Sociedad de la Informaci\u00f3n y Comercio Electr\u00f3nico, en la Ley 56\/2007, de 28 de diciembre, de Medidas de Impulso de la Sociedad de la Informaci\u00f3n, as\u00ed como en la Ley Org\u00e1nica 15\/1999, de 13 de diciembre, sobre Protecci\u00f3n de Datos de Car\u00e1cter Personal, y su normativa de desarrollo, y a tal fin ha creado este aviso legal.<\/p>\n<h3>Identificaci\u00f3n del titular de la web<\/h3>\n<p>El dominio <a href=\"https:\/\/www.lauaxeta.eus\">www.lauaxeta.eus<\/a> es propiedad de <strong>Lauaxeta Ikastola, S.Coop.<\/strong><br \/>\nDirecci\u00f3n: Barrio San Miguel s\/n- 48290 Amorebieta-Etxano<br \/>\nTel.: 946300020<br \/>\nFax: 946300181<br \/>\nemail: <a href=\"mailto:ikastola@lauaxeta.eus\">mailto:ikastola@lauaxeta.eus<\/a><br \/>\nCIF-F48090922<\/p>\n<p><strong>Lauaxeta Ikastola S. Coop<\/strong>. es una cooperativa de familias, sin \u00e1nimo de lucro, declarada de inter\u00e9s p\u00fablico por la Administraci\u00f3n, euskaldun y pluriling\u00fce, comprometida con la sociedad y abierta a todas las personas que la integran.<\/p>\n<p>Sus estatutos fueron aprobados con fecha 29 de noviembre de 1988 e inscritos en el Libro de Inscripci\u00f3n de Sociedades Cooperativas de la Delegaci\u00f3n Territorial de Bizkaia, teniendo signado como n\u00famero de inscripci\u00f3n el BI-365.<\/p>\n<p>El objeto social lo constituye el desarrollo de actividades docentes en sus distintos niveles, etapas, ciclos, grados y modalidades de la Ense\u00f1anza no Universitaria. Podr\u00e1n realizar tambi\u00e9n actividades extraescolares y conexas, as\u00ed como prestar servicios escolares complementarios y cuantos faciliten las actividades docentes, extraescolares y conexas.<\/p>\n<h3>Finalidad del sitio web<\/h3>\n<p>Esta web tiene como finalidad la de informar de las actividades docentes, servicios y novedades de <strong>Lauaxeta Ikastola S. Coop.<\/strong> a familias actuales, as\u00ed como a nuevas familias interesadas en la matriculaci\u00f3n de sus hijos\/as en el centro. El acceso a la web le atribuye la condici\u00f3n de usuario y supone la aceptaci\u00f3n plena y sin reservas de todas y cada una de las condiciones recogidas en el presente aviso legal, por ello le recomendamos la lectura del presente aviso legal cada vez que acceda a la web, ya que las condiciones pueden sufrir modificaciones.<\/p>\n<p>Lauaxeta Ikastola, S.Coop. se reserva el derecho de mejorar, modificar o suprimir, unilateralmente y sin previo aviso, el servicio y\/o contenidos de la presente p\u00e1gina web.<\/p>\n<p>Los contenidos de esta web han sido elaborados para ofrecer informaci\u00f3n tanto a las familias de alumnos\/as ya inscritos en el centro como a nuevas familias interesadas en hacerlo.<\/p>\n<p>Todos los contenidos que se ofrezcan a trav\u00e9s de esta p\u00e1gina (textos, im\u00e1genes, sonidos, audio, v\u00eddeo, dise\u00f1os, creatividades, software,&#8230;) son propiedad de <strong>Lauaxeta Ikastola, S.Coop.<\/strong> o, en su caso, de terceras personas. Cualquier reproducci\u00f3n de los mismos ser\u00e1 autorizada siempre y cuando se cite la fuente y un enlace a nuestro sitio web.<\/p>\n<p>Lauaxeta Ikastola, S.Coop. no ser\u00e1 responsable de los da\u00f1os o perjuicios que pudieran derivarse de la utilizaci\u00f3n de los contenidos por parte de los usuarios o de la infracci\u00f3n por parte de \u00e9stos de cualquier disposici\u00f3n legal vigente<\/p>\n<h3>Protecci\u00f3n de datos<\/h3>\n<p>A trav\u00e9s de la p\u00e1gina web se recaban datos de solicitantes de informaci\u00f3n mediante formularios de contacto, de inscripci\u00f3n a jornadas de puertas abiertas o de suscripci\u00f3n al blog. En el \u00e1mbito de la difusi\u00f3n e informaci\u00f3n solicitada por terceros no se ceder\u00e1n datos a terceras personas u organizaciones y ser\u00e1n suprimidos una vez finalizada la atenci\u00f3n a las personas demandantes de informaci\u00f3n.<\/p>\n<p>Las personas suscriptoras del blog y noticias podr\u00e1n formular la baja del servicio en cualquier momento.<\/p>\n<p>Asimismo, tambi\u00e9n se recaban datos de personas candidatas a procesos de selecci\u00f3n de profesionales mediante el env\u00edo de su curriculum vitae. En el \u00e1mbito de la selecci\u00f3n de personal no se comunican datos a terceros y podr\u00e1n ser suprimidos una vez finalizados procesos y en todo caso, cuando se consideren obsoletos o no veraces.<\/p>\n<p>En cumplimiento de lo dispuesto en la normativa vigente de Protecci\u00f3n de Datos de car\u00e1cter personal, autorizo a Lauaxeta Ikastola S.Coop., a incorporar los datos facilitados en sus ficheros automatizados para los siguientes fines: gesti\u00f3n del servicio Zurekin (prestaci\u00f3n de servicios de cuidado o ayuda escolar a hijos-as de familias de Lauaxeta Ikastola), as\u00ed como para el env\u00edo de mis datos a las familias interesadas en dicho servicio.<\/p>\n<p>La persona interesada podr\u00e1 revocar el consentimiento en cualquier momento y ejercer sus derechos de acceso, rectificaci\u00f3n, supresi\u00f3n de sus datos, y la limitaci\u00f3n u oposici\u00f3n a su tratamiento, as\u00ed como ampliar informaci\u00f3n en materia de protecci\u00f3n de datos dirigiendo una comunicaci\u00f3n a <a href=\"mailto:lopd@lauaxeta.eus\">lopd@lauaxeta.eus<\/a> o enviando un escrito a la atenci\u00f3n de la Direcci\u00f3n, Barrio San Miguel s\/n- 48290 Amorebieta-Etxano.<\/p>\n<h3>Cookies y enlaces<\/h3>\n<p>La presente pagina web utiliza \u201ccookies\u201d, que son archivos de texto ubicados en su ordenador, para ayudar al website a analizar el uso que hacen los usuarios del sitio web. En ning\u00fan caso esa \u201ccookie\u201d nos proporciona informaci\u00f3n personal sobre usted. Las cookies las utilizaremos \u00fanicamente para recoger informaci\u00f3n estad\u00edstica.<\/p>\n<p>El usuario tiene la posibilidad de configurar el navegador de tal modo que impida la instalaci\u00f3n de estos archivos, pero en ese caso es posible que no pueda utilizar todas las funcionalidades que le ofrece el sitio web.<\/p>\n<h3>Legislaci\u00f3n aplicable<\/h3>\n<p>Estas Condiciones Generales se rigen por la legislaci\u00f3n vigente en todo momento, en torno a la protecci\u00f3n de datos de car\u00e1cter personal.<\/p>\n","protected":false},"excerpt":{"rendered":"<p>Lauaxeta Ikastola, S.Coop. cumple con los requisitos establecidos en la Ley 34\/2002, de 11 de julio, de Servicios de la Sociedad de la Informaci\u00f3n y Comercio Electr\u00f3nico, en la Ley 56\/2007, de 28 de diciembre, de Medidas de Impulso de la Sociedad de la Informaci\u00f3n, as\u00ed como en la Ley Org\u00e1nica 15\/1999, de 13 de [&hellip;]<\/p>\n","protected":false},"author":1,"featured_media":0,"parent":0,"menu_order":0,"comment_status":"closed","ping_status":"open","template":"","meta":{"footnotes":""},"class_list":["post-19969","page","type-page","status-publish","hentry"],"_links":{"self":[{"href":"https:\/\/www.lauaxeta.eus\/es\/wp-json\/wp\/v2\/pages\/19969","targetHints":{"allow":["GET"]}}],"collection":[{"href":"https:\/\/www.lauaxeta.eus\/es\/wp-json\/wp\/v2\/pages"}],"about":[{"href":"https:\/\/www.lauaxeta.eus\/es\/wp-json\/wp\/v2\/types\/page"}],"author":[{"embeddable":true,"href":"https:\/\/www.lauaxeta.eus\/es\/wp-json\/wp\/v2\/users\/1"}],"replies":[{"embeddable":true,"href":"https:\/\/www.lauaxeta.eus\/es\/wp-json\/wp\/v2\/comments?post=19969"}],"version-history":[{"count":0,"href":"https:\/\/www.lauaxeta.eus\/es\/wp-json\/wp\/v2\/pages\/19969\/revisions"}],"wp:attachment":[{"href":"https:\/\/www.lauaxeta.eus\/es\/wp-json\/wp\/v2\/media?parent=19969"}],"curies":[{"name":"wp","href":"https:\/\/api.w.org\/{rel}","templated":true}]}}